{"id":7106,"date":"2023-10-04T16:17:09","date_gmt":"2023-10-04T16:17:09","guid":{"rendered":"https:\/\/wintermarkt-schlossplatz.de\/?page_id=7106"},"modified":"2025-11-04T10:00:29","modified_gmt":"2025-11-04T10:00:29","slug":"impressum","status":"publish","type":"page","link":"https:\/\/wintermarkt-schlossplatz.de\/it\/impressum\/","title":{"rendered":"Impronta"},"content":{"rendered":"<div data-elementor-type=\"wp-page\" data-elementor-id=\"7106\" class=\"elementor elementor-7106\">\n\t\t\t\t\t\t<section class=\"elementor-section elementor-top-section elementor-element elementor-element-22919a6e pt-section-content-fullwidth pt_scroll_y_150 pt-parallax-on-scroll elementor-section-boxed elementor-section-height-default elementor-section-height-default\" data-id=\"22919a6e\" data-element_type=\"section\" data-e-type=\"section\" data-settings=\"{&quot;background_background&quot;:&quot;classic&quot;}\" data-pt-parallax-y=\"150\" style=\"background-image: none;\" data-pt-background-image=\"https:\/\/wintermarkt-schlossplatz.de\/wp-content\/uploads\/2023\/10\/wintermarkt01.webp\">\n\t\t\t\t\t\t\t<div class=\"elementor-background-overlay\"><\/div>\n\t\t\t\t\t\t\t<div class=\"elementor-container elementor-column-gap-no\">\n\t\t\t\t\t<div class=\"elementor-column elementor-col-100 elementor-top-column elementor-element elementor-element-506879d8 dark-color\" data-id=\"506879d8\" data-element_type=\"column\" data-e-type=\"column\">\n\t\t\t<div class=\"elementor-widget-wrap elementor-element-populated\">\n\t\t\t\t\t\t<div class=\"elementor-element elementor-element-78737567 elementor-widget elementor-widget-pt_title\" data-id=\"78737567\" data-element_type=\"widget\" data-e-type=\"widget\" data-widget_type=\"pt_title.default\">\n\t\t\t\t<div class=\"elementor-widget-container\">\n\t\t\t\t\t\n        <div class=\"pt-title-wrap text-center\">\t            <h1 class=\"pt-title\">\n\t                Impronta\t            <\/h1>        <\/div>\t\t\t\t<\/div>\n\t\t\t\t<\/div>\n\t\t\t\t\t<\/div>\n\t\t<\/div>\n\t\t\t\t\t<\/div>\n\t\t<\/section>\n\t\t\t\t<section class=\"elementor-section elementor-top-section elementor-element elementor-element-52fd65fb elementor-section-boxed elementor-section-height-default elementor-section-height-default elementor-invisible\" data-id=\"52fd65fb\" data-element_type=\"section\" data-e-type=\"section\" data-settings=\"{&quot;background_background&quot;:&quot;classic&quot;,&quot;animation&quot;:&quot;fadeInUp&quot;}\">\n\t\t\t\t\t\t<div class=\"elementor-container elementor-column-gap-no\">\n\t\t\t\t\t<div class=\"elementor-column elementor-col-50 elementor-top-column elementor-element elementor-element-181a9750\" data-id=\"181a9750\" data-element_type=\"column\" data-e-type=\"column\">\n\t\t\t<div class=\"elementor-widget-wrap elementor-element-populated\">\n\t\t\t\t\t\t<div class=\"elementor-element elementor-element-57676d8 elementor-widget elementor-widget-pt_title\" data-id=\"57676d8\" data-element_type=\"widget\" data-e-type=\"widget\" data-widget_type=\"pt_title.default\">\n\t\t\t\t<div class=\"elementor-widget-container\">\n\t\t\t\t\t\n        <div class=\"pt-title-wrap text-left-mobile text-center-tablet\">\t            <h6 class=\"pt-title\">\n\t                Operatore del sito web\t            <\/h6>\t            <div class=\"pt-title-text\">\n\t                <p><b>Informazioni ai sensi del \u00a7 5 TMG e del \u00a7 55 ABS. 2 RSTV (\u201eObbligo di impronta\u201c)<\/b><br \/>\u00a0Nome e indirizzo del gestore del sito web:<br \/>Wollenschlaeger GmbH show business<br \/>Thilo-Harry Wollenschlaeger<br \/>Lungolago 96<br \/>14612 Falkensee<\/p><p><b>Canali di contatto del gestore del sito web<\/b><\/p><ul><li>Telefono: +49 (0)3322 42 882 45<\/li><li>Fax: +49 (0)3322 42 341 39<\/li><li>Cellulare: +49 (0)163 4000 500<\/li><li>E-mail: info(at)wollenschlaeger-berlin.de<\/li><li>Web: www.wintermarkt-schlossplatz.de<\/li><li>Posta: Seepromenade 96 -<br \/>14612 Falkensee<\/li><\/ul>\t            <\/div>        <\/div>\t\t\t\t<\/div>\n\t\t\t\t<\/div>\n\t\t\t\t\t<\/div>\n\t\t<\/div>\n\t\t\t\t<div class=\"elementor-column elementor-col-50 elementor-top-column elementor-element elementor-element-8561d51\" data-id=\"8561d51\" data-element_type=\"column\" data-e-type=\"column\">\n\t\t\t<div class=\"elementor-widget-wrap elementor-element-populated\">\n\t\t\t\t\t\t<div class=\"elementor-element elementor-element-8423eaa elementor-widget elementor-widget-pt_title\" data-id=\"8423eaa\" data-element_type=\"widget\" data-e-type=\"widget\" data-widget_type=\"pt_title.default\">\n\t\t\t\t<div class=\"elementor-widget-container\">\n\t\t\t\t\t\n        <div class=\"pt-title-wrap text-left-mobile text-center-tablet\">\t            <h6 class=\"pt-title\">\n\t                Ulteriori informazioni\t            <\/h6>\t            <div class=\"pt-title-text\">\n\t                <ul><li><strong>Imposta n:<\/strong> 053\/187\/01093<\/li><li><strong>Registro commerciale:<\/strong> HRB 6134 Neuruppin<\/li><\/ul><p><strong>Informazioni ai sensi del Regolamento UE n. 524\/2013 sulla \u201eRisoluzione delle controversie online per le controversie dei consumatori\u201c e ai sensi dell'articolo 36 della legge sulla risoluzione delle controversie dei consumatori (VSBG):<br \/><\/strong>La Commissione europea mette a disposizione una piattaforma per la risoluzione delle controversie online (OS):\u00a0<u><a href=\"http:\/\/ec.europa.eu\/consumers\/odr\">http:\/\/ec.europa.eu\/consumers\/odr<\/a><br \/><\/u>Siamo\u00a0<u>non<\/u>\u00a0Non siamo disposti o obbligati a partecipare a una procedura di risoluzione delle controversie davanti a un collegio arbitrale dei consumatori.<\/p><p>Responsabile del contenuto ai sensi del \u00a755 Abs. 2 RStV<br \/>Il gestore del sito web indicato a sinistra \u00e8 inoltre responsabile di tutti i contenuti del sito web ai sensi del \u00a7 55 comma 2 RStV ed \u00e8 considerato il responsabile della protezione dei dati ai sensi dell'art. 37 - EU-DSGVO.<\/p><p><strong>Agenzia di supporto:<\/strong> <a href=\"https:\/\/reich-eventservice.de\" target=\"_blank\" rel=\"noopener\">Servizio eventi del Reich<\/a><br \/><strong>Sito web di produzione:<\/strong> <a href=\"https:\/\/steinalt.com\" target=\"_blank\" rel=\"noopener\">Media STEINALT<\/a><\/p>\t            <\/div>        <\/div>\t\t\t\t<\/div>\n\t\t\t\t<\/div>\n\t\t\t\t\t<\/div>\n\t\t<\/div>\n\t\t\t\t\t<\/div>\n\t\t<\/section>\n\t\t\t\t<section class=\"elementor-section elementor-top-section elementor-element elementor-element-bea9968 elementor-section-boxed elementor-section-height-default elementor-section-height-default\" data-id=\"bea9968\" data-element_type=\"section\" data-e-type=\"section\">\n\t\t\t\t\t\t<div class=\"elementor-container elementor-column-gap-default\">\n\t\t\t\t\t<div class=\"elementor-column elementor-col-100 elementor-top-column elementor-element elementor-element-e546a48 elementor-invisible\" data-id=\"e546a48\" data-element_type=\"column\" data-e-type=\"column\" data-settings=\"{&quot;animation&quot;:&quot;fadeInUp&quot;,&quot;animation_delay&quot;:200}\">\n\t\t\t<div class=\"elementor-widget-wrap elementor-element-populated\">\n\t\t\t\t\t\t<div class=\"elementor-element elementor-element-4c8e81b elementor-widget elementor-widget-text-editor\" data-id=\"4c8e81b\" data-element_type=\"widget\" data-e-type=\"widget\" data-widget_type=\"text-editor.default\">\n\t\t\t\t<div class=\"elementor-widget-container\">\n\t\t\t\t\t\t\t\t\t<p><strong>Crediti d'immagine<\/strong><br \/>122796459, 175335886 @ JackF \/ 123069737, 126747902, 230097514 @ famveldman \/ 125077923 @ NikonSteff \/ 129019174 @ pixarno<br \/>129263694 @ Ekaterina Pokrovsky \/ 637006779 @ Keitma \/ 629612656 @ Maria Aloisi \/ 599468242, 596165471, 504944988 @ elxeneize<br \/>620718152 @ VisualProduction \/ 476207852 @ NDABCREATIVITY \/ 397800521 @ Edi \/ 388270498 @ Michele Ursi \/ 355482824 @ Travelphotos \/ 306540008 @ sunakri \/ 304132828 @ Dmitry Naumov<br \/>239989420 @ danieleorsi \/ 238454747 @ Roman Babakin \/ 233527209 @ krugli \/ 210866617 @ tiana__lima__ \/ 187254591 @ fcerez \/ 632098744 @ Irina Schmidt<br \/>tutte le foto da adobe stock<\/p><p><strong>Responsabilit\u00e0 per i link<\/strong><br \/>Il nostro sito web contiene link a siti esterni di terzi sui cui contenuti non abbiamo alcuna influenza. Pertanto, non ci assumiamo alcuna responsabilit\u00e0 per questi contenuti di terzi. Il rispettivo fornitore o gestore delle pagine \u00e8 sempre responsabile del contenuto delle pagine collegate. Le pagine collegate sono state controllate per verificare eventuali violazioni di legge al momento del collegamento. Al momento del collegamento non sono stati individuati contenuti illegali. Tuttavia, un controllo permanente dei contenuti delle pagine collegate non \u00e8 ragionevole senza prove concrete di una violazione. Nel caso in cui venissimo a conoscenza di eventuali violazioni di legge, provvederemo a rimuovere immediatamente tali link.<br \/><br \/><strong>Responsabilit\u00e0 per i contenuti<\/strong><br \/>In qualit\u00e0 di fornitore di servizi, siamo responsabili dei nostri contenuti su queste pagine ai sensi dell'art. 7 (1) TMG (legge tedesca sui media telematici) e della legislazione generale. Ai sensi dei \u00a7\u00a7 8-10 TMG, tuttavia, in qualit\u00e0 di fornitore di servizi non siamo obbligati a monitorare le informazioni trasmesse o memorizzate da terzi o a indagare su circostanze che indicano un'attivit\u00e0 illegale. L'obbligo di rimuovere o bloccare l'uso delle informazioni in conformit\u00e0 alla legislazione generale rimane inalterato. Tuttavia, la responsabilit\u00e0 in questo senso \u00e8 possibile solo a partire dal momento in cui si viene a conoscenza di una specifica violazione. Non appena verremo a conoscenza di tali violazioni, provvederemo a rimuovere immediatamente tali contenuti.<br \/><br \/><strong>Copyright<\/strong><br \/>I contenuti e le opere create dagli operatori del sito su queste pagine sono soggetti alla legge tedesca sul diritto d'autore. La duplicazione, l'elaborazione, la distribuzione e qualsiasi tipo di utilizzo al di fuori dei limiti della legge sul copyright richiedono il consenso scritto del rispettivo autore o creatore. Download e copie di questo sito sono consentiti solo per uso privato e non commerciale. Nella misura in cui i contenuti di questo sito non sono stati creati dall'operatore, vengono rispettati i diritti d'autore di terzi. In particolare, i contenuti di terzi sono contrassegnati come tali. Se tuttavia doveste venire a conoscenza di una violazione del copyright, siete pregati di informarci. Qualora venissimo a conoscenza di violazioni, provvederemo a rimuovere immediatamente tali contenuti.<br \/><br \/><br \/><strong>Fonte:<\/strong>\u00a0<a href=\"https:\/\/www.e-recht24.de\/impressum-generator.html\" target=\"_blank\" rel=\"noopener noreferrer\">https:\/\/www.e-recht24.de\/impressum-generator.html<\/a><\/p>\t\t\t\t\t\t\t\t<\/div>\n\t\t\t\t<\/div>\n\t\t\t\t\t<\/div>\n\t\t<\/div>\n\t\t\t\t\t<\/div>\n\t\t<\/section>\n\t\t\t\t<\/div>","protected":false},"excerpt":{"rendered":"<p>Impressum Webseiten Betreiber Angaben gem\u00e4\u00df \u00a7 5 TMG und \u00a7 55 ABS. 2 RSTV (\u201eImpressumspflicht\u201c)\u00a0Name und Adresse des Webseiten-Betreibers:Schaustellerbetrieb Wollenschlaeger GmbHThilo-Harry WollenschlaegerSeepromenade 9614612 Falkensee Kontaktkan\u00e4le des Webseiten-Betreibers Telefon: +49 (0)3322 42 882 45 Fax: +49 (0)3322 42 341 39 Mobil: +49 (0)163 4000 500 E-Mail: info(at)wollenschlaeger-berlin.de Web: www.wintermarkt-schlossplatz.de Post: Seepromenade 96 \u202214612 Falkensee Weitere Angaben &#8230;<\/p>","protected":false},"author":1,"featured_media":0,"parent":0,"menu_order":0,"comment_status":"closed","ping_status":"closed","template":"template-wide-content.php","meta":{"patiotime_single_page_hide_site_header":"","patiotime_single_page_site_header_source":"","patiotime_single_page_custom_site_header":"0","patiotime_single_page_custom_sticky_site_header":"0","patiotime_single_page_custom_page_title_margin_top_source":"","patiotime_single_page_custom_page_title_desktop_margin_top":"","patiotime_single_page_custom_page_title_tablet_margin_top":"","patiotime_single_page_custom_page_title_mobile_margin_top":"","patiotime_single_page_hide_page_title":"on","patiotime_single_page_header_section_size":"","patiotime_single_page_header_background_color":"","patiotime_single_page_header_background_position_x":"center","patiotime_single_page_header_background_position_y":"center","patiotime_single_page_header_background_size":"cover","patiotime_single_page_header_background_repeat":"off","patiotime_single_page_header_background_scroll":"on","patiotime_single_page_header_text_color":"","patiotime_single_page_header_show_breadcrumb":"","patiotime_single_page_site_footer_hide_main":"","patiotime_single_custom_site_footer_main_source":"","patiotime_single_custom_site_footer_main":"0","patiotime_single_page_site_footer_hide_above":"on","patiotime_single_custom_site_footer_above_source":"","patiotime_single_custom_site_footer_above":"0","patiotime_single_page_site_footer_hide_instagram":"","patiotime_single_page_site_footer_hide_bottom":"","patiotime_single_custom_mobile_menu_source":"","patiotime_single_custom_mobile_menu":"0","patiotime_single_custom_mobile_menu_animation":"","patiotime_single_custom_mobile_menu_width":"","patiotime_single_custom_mobile_menu_custom_width":375,"footnotes":""},"class_list":["post-7106","page","type-page","status-publish","hentry"],"_links":{"self":[{"href":"https:\/\/wintermarkt-schlossplatz.de\/it\/wp-json\/wp\/v2\/pages\/7106","targetHints":{"allow":["GET"]}}],"collection":[{"href":"https:\/\/wintermarkt-schlossplatz.de\/it\/wp-json\/wp\/v2\/pages"}],"about":[{"href":"https:\/\/wintermarkt-schlossplatz.de\/it\/wp-json\/wp\/v2\/types\/page"}],"author":[{"embeddable":true,"href":"https:\/\/wintermarkt-schlossplatz.de\/it\/wp-json\/wp\/v2\/users\/1"}],"replies":[{"embeddable":true,"href":"https:\/\/wintermarkt-schlossplatz.de\/it\/wp-json\/wp\/v2\/comments?post=7106"}],"version-history":[{"count":0,"href":"https:\/\/wintermarkt-schlossplatz.de\/it\/wp-json\/wp\/v2\/pages\/7106\/revisions"}],"wp:attachment":[{"href":"https:\/\/wintermarkt-schlossplatz.de\/it\/wp-json\/wp\/v2\/media?parent=7106"}],"curies":[{"name":"wp","href":"https:\/\/api.w.org\/{rel}","templated":true}]}}